{"id":602,"date":"2024-06-18T22:39:44","date_gmt":"2024-06-18T20:39:44","guid":{"rendered":"https:\/\/wordpress2419816.home.pl\/autoinstalator\/wordpresspluslscache\/?page_id=602"},"modified":"2024-06-18T22:52:41","modified_gmt":"2024-06-18T20:52:41","slug":"airax-2","status":"publish","type":"page","link":"https:\/\/airax.fr\/?lang=en","title":{"rendered":"Contact"},"content":{"rendered":"\n<center><br><h5><u>Headquarters:<\/u><br><br><\/strong><\/span><em>Chemaudin et Vaux,<br>Bourgogne-Franche-Comt\u00e9<\/em><br><br><b><u>Contact via e-mail:<\/u><br><br><\/b>order.airax@airax.fr<br><br><b><u>Phone:<\/u><br><br><\/b>+33 (0)3 81 58 42 41<\/center>\n<hr>\n<p align=\"right\" class=\"wersja-fr\">D\u00e9velopp\u00e9 par <a href=\"https:\/\/www.krosoft.pl\/\" target=\"_blank\" rel=\"noopener\">KROSOFT<\/a><\/p>\n<p align=\"right\" class=\"wersja-en\">Developed by <a href=\"https:\/\/www.krosoft.pl\/\" target=\"_blank\" rel=\"noopener\">KROSOFT<\/p>\n\n\n\n<p><\/p>\n\n\n\n<p><\/p>\n","protected":false},"excerpt":{"rendered":"<p>Headquarters: Chemaudin et Vaux,Bourgogne-Franche-Comt\u00e9 Contact via e-mail: order.airax@airax.fr Phone: +33 (0)3 81 58 42 41 D\u00e9velopp\u00e9 par KROSOFT Developed by KROSOFT<\/p>\n","protected":false},"author":1,"featured_media":0,"parent":0,"menu_order":0,"comment_status":"closed","ping_status":"closed","template":"","meta":{"footnotes":""},"class_list":["post-602","page","type-page","status-publish","hentry"],"_links":{"self":[{"href":"https:\/\/airax.fr\/index.php?rest_route=\/wp\/v2\/pages\/602","targetHints":{"allow":["GET"]}}],"collection":[{"href":"https:\/\/airax.fr\/index.php?rest_route=\/wp\/v2\/pages"}],"about":[{"href":"https:\/\/airax.fr\/index.php?rest_route=\/wp\/v2\/types\/page"}],"author":[{"embeddable":true,"href":"https:\/\/airax.fr\/index.php?rest_route=\/wp\/v2\/users\/1"}],"replies":[{"embeddable":true,"href":"https:\/\/airax.fr\/index.php?rest_route=%2Fwp%2Fv2%2Fcomments&post=602"}],"version-history":[{"count":13,"href":"https:\/\/airax.fr\/index.php?rest_route=\/wp\/v2\/pages\/602\/revisions"}],"predecessor-version":[{"id":696,"href":"https:\/\/airax.fr\/index.php?rest_route=\/wp\/v2\/pages\/602\/revisions\/696"}],"wp:attachment":[{"href":"https:\/\/airax.fr\/index.php?rest_route=%2Fwp%2Fv2%2Fmedia&parent=602"}],"curies":[{"name":"wp","href":"https:\/\/api.w.org\/{rel}","templated":true}]}}