{"id":665,"date":"2024-06-18T15:34:56","date_gmt":"2024-06-18T13:34:56","guid":{"rendered":"http:\/\/airax.fr\/?page_id=665"},"modified":"2024-06-18T15:55:56","modified_gmt":"2024-06-18T13:55:56","slug":"contact-4","status":"publish","type":"page","link":"https:\/\/airax.fr\/?lang=fr","title":{"rendered":"Contact"},"content":{"rendered":"\n<div background-color:\"gray\";><center><br><h5><u>Quartier g\u00e9n\u00e9ral:<\/u><br><br><\/strong><\/span><em>Chemaudin et Vaux,<br>Bourgogne-Franche-Comt\u00e9<\/em><br><br><b><u>Contact par e-mail<br> du service commercial:<\/u><br><br><\/b>order.airax@airax.fr<br><br><b><u>T\u00e9l\u00e9phone:<\/u><br><br><\/b>+33 (0)3 81 58 42 41<\/center><\/div>\n<hr>\n<p align=\"right\" class=\"wersja-fr\">D\u00e9velopp\u00e9 par <a href=\"https:\/\/www.krosoft.pl\/\" target=\"_blank\" rel=\"noopener\">KROSOFT<\/a><\/p>\n<p align=\"right\" class=\"wersja-en\">Developed by <a href=\"https:\/\/www.krosoft.pl\/\" target=\"_blank\" rel=\"noopener\">KROSOFT<\/p>\n","protected":false},"excerpt":{"rendered":"<p>Quartier g\u00e9n\u00e9ral: Chemaudin et Vaux,Bourgogne-Franche-Comt\u00e9 Contact par e-mail du service commercial: order.airax@airax.fr T\u00e9l\u00e9phone: +33 (0)3 81 58 42 41 D\u00e9velopp\u00e9 par KROSOFT Developed by KROSOFT<\/p>\n","protected":false},"author":1,"featured_media":0,"parent":0,"menu_order":0,"comment_status":"closed","ping_status":"closed","template":"","meta":{"footnotes":""},"class_list":["post-665","page","type-page","status-publish","hentry"],"_links":{"self":[{"href":"https:\/\/airax.fr\/index.php?rest_route=\/wp\/v2\/pages\/665","targetHints":{"allow":["GET"]}}],"collection":[{"href":"https:\/\/airax.fr\/index.php?rest_route=\/wp\/v2\/pages"}],"about":[{"href":"https:\/\/airax.fr\/index.php?rest_route=\/wp\/v2\/types\/page"}],"author":[{"embeddable":true,"href":"https:\/\/airax.fr\/index.php?rest_route=\/wp\/v2\/users\/1"}],"replies":[{"embeddable":true,"href":"https:\/\/airax.fr\/index.php?rest_route=%2Fwp%2Fv2%2Fcomments&post=665"}],"version-history":[{"count":3,"href":"https:\/\/airax.fr\/index.php?rest_route=\/wp\/v2\/pages\/665\/revisions"}],"predecessor-version":[{"id":686,"href":"https:\/\/airax.fr\/index.php?rest_route=\/wp\/v2\/pages\/665\/revisions\/686"}],"wp:attachment":[{"href":"https:\/\/airax.fr\/index.php?rest_route=%2Fwp%2Fv2%2Fmedia&parent=665"}],"curies":[{"name":"wp","href":"https:\/\/api.w.org\/{rel}","templated":true}]}}